{"id":10360,"date":"2026-04-14T08:54:28","date_gmt":"2026-04-14T08:54:28","guid":{"rendered":"https:\/\/rockkofertas.com.es\/index.php\/producto\/b0g7v2ml8s\/"},"modified":"2026-04-14T08:54:28","modified_gmt":"2026-04-14T08:54:28","slug":"b0g7v2ml8s","status":"publish","type":"product","link":"https:\/\/rockkofertas.com.es\/index.php\/producto\/b0g7v2ml8s\/","title":{"rendered":"B0G7V2ML8S"},"content":{"rendered":"<p>&#8211; \u3010Set de rizador 5 en 1\u3011Este vers\u00e1til set de rizador de aire caliente combina un potente secador con dos accesorios de rizado autom\u00e1tico (con rotaci\u00f3n izquierda y derecha), un cepillo redondo para dar volumen y un cepillo alisador. Tanto si tienes el pelo largo como corto, este cepillo te permite crear el peinado que deseas en un instante, \u00a1ahorr\u00e1ndote tiempo y dinero! Su dise\u00f1o ergon\u00f3mico y la facilidad de cambio de accesorios lo convierten en el accesorio perfecto para el uso diario.<br \/>\n&#8211; \u3010Tecnolog\u00eda innovadora de flujo de aire para rizos autom\u00e1ticos\u3011Los accesorios de rizado mejorados utilizan un flujo de aire dirigido que envuelve el cabello alrededor del cepillo sin esfuerzo, para rizos suaves y definidos sin da\u00f1arlo por el calor. La tecnolog\u00eda de iones negativos integrada combate eficazmente la est\u00e1tica y el encrespamiento, sella las cut\u00edculas del cabello y deja el cabello con un brillo espectacular y una suavidad sedosa. El motor de alta velocidad sin escobillas de 110.000 RPM ofrece un secado excepcional sin sobrecalentar el cabello.<br \/>\n&#8211; \u30103 Ajustes de Temperatura Precisos y Pantalla LCD\u3011 Gracias al control inteligente de temperatura, puedes adaptar tu peinado a la perfecci\u00f3n a tu tipo de cabello: Suave (50 \u00b0C): Ideal para cabello fino, seco o da\u00f1ado para un peinado extra suave. Medio (80 \u00b0C): Perfecto para cabello normal a semiseco, para peinados duraderos todos los d\u00edas. Alto (110 \u00b0C): Adecuado para cabello grueso, rizado o mojado. Garantiza un secado r\u00e1pido y resultados suaves. La temperatura actual se muestra claramente en todo momento en la pantalla LCD integrada.<br \/>\n&#8211; \u3010Uso Seguro\u3011 Los accesorios se fijan de forma segura con un mecanismo de clic y se pueden cambiar f\u00e1cilmente incluso durante el uso. El cable giratorio de 360\u00b0 (2 m) garantiza un manejo seguro y c\u00f3modo: \u00a1crear peinados perfectos es pan comido! El moldeador cuenta con una funci\u00f3n de aire fr\u00edo y un filtro de aire extra\u00edble para un rendimiento duradero. Nota: Usa siempre guantes protectores al usar o cambiar el moldeador de aire caliente para evitar quemaduras.<br \/>\n&#8211; \u3010El regalo ideal para los amantes del peinado\u3011 Este set de peinado 5 en 1 combina un secador de pelo y pr\u00e1cticos cepillos de aire caliente en un dise\u00f1o vers\u00e1til. Su dise\u00f1o ergon\u00f3mico y sus cabezales f\u00e1ciles de cambiar lo convierten en la herramienta de peinado perfecta para cualquier fiesta u ocasi\u00f3n. Su empaque de alta calidad y sus caracter\u00edsticas bien pensadas lo convierten en un regalo maravilloso para Navidad, cumplea\u00f1os o simplemente para quienes valoran un cabello perfecto.<\/p>\n","protected":false},"excerpt":{"rendered":"<p>Anluomafuy 5 en 1 Cepillo de Aire Air Styler, Cepillo Secador con Rizador Autom\u00e1tico, Secador y Moldeador con Tecnolog\u00eda I\u00f3nica, 3 Temperaturas5 Accesorios para Todo Tipo de Cabello<br \/>#Publicidad <span class=\"read-more\"><a class=\"more-link btn btn-transparent\" href=\"https:\/\/rockkofertas.com.es\/index.php\/producto\/b0g7v2ml8s\/\">Leer m\u00e1s&#8230;<\/a><\/span><\/p>\n","protected":false},"featured_media":10359,"comment_status":"open","ping_status":"closed","template":"","meta":[],"product_cat":[15],"product_tag":[],"class_list":{"0":"post-10360","1":"product","2":"type-product","3":"status-publish","4":"has-post-thumbnail","6":"product_cat-sin-categorizar","8":"first","9":"instock","10":"shipping-taxable","11":"product-type-external"},"_links":{"self":[{"href":"https:\/\/rockkofertas.com.es\/index.php\/wp-json\/wp\/v2\/product\/10360","targetHints":{"allow":["GET"]}}],"collection":[{"href":"https:\/\/rockkofertas.com.es\/index.php\/wp-json\/wp\/v2\/product"}],"about":[{"href":"https:\/\/rockkofertas.com.es\/index.php\/wp-json\/wp\/v2\/types\/product"}],"replies":[{"embeddable":true,"href":"https:\/\/rockkofertas.com.es\/index.php\/wp-json\/wp\/v2\/comments?post=10360"}],"wp:featuredmedia":[{"embeddable":true,"href":"https:\/\/rockkofertas.com.es\/index.php\/wp-json\/wp\/v2\/media\/10359"}],"wp:attachment":[{"href":"https:\/\/rockkofertas.com.es\/index.php\/wp-json\/wp\/v2\/media?parent=10360"}],"wp:term":[{"taxonomy":"product_cat","embeddable":true,"href":"https:\/\/rockkofertas.com.es\/index.php\/wp-json\/wp\/v2\/product_cat?post=10360"},{"taxonomy":"product_tag","embeddable":true,"href":"https:\/\/rockkofertas.com.es\/index.php\/wp-json\/wp\/v2\/product_tag?post=10360"}],"curies":[{"name":"wp","href":"https:\/\/api.w.org\/{rel}","templated":true}]}}