{"id":10144,"date":"2026-04-01T11:02:51","date_gmt":"2026-04-01T11:02:51","guid":{"rendered":"https:\/\/rockkofertas.com.es\/index.php\/producto\/b0d47rc4zm\/"},"modified":"2026-04-01T11:02:51","modified_gmt":"2026-04-01T11:02:51","slug":"b0d47rc4zm","status":"publish","type":"product","link":"https:\/\/rockkofertas.com.es\/index.php\/producto\/b0d47rc4zm\/","title":{"rendered":"B0D47RC4ZM"},"content":{"rendered":"<p>&#8211; \u3010Alta compatibilidad\u3011- La compatibilidad y durabilidad de los accesorios se prueban rigurosamente. Compatible con Xiaomi Roborock S6 Pure\/ S6 MaxV\/ S6 Max\/ S65\/ S60\/ S6\/ S5 Max\/ S55\/ S51\/ S50\/ S5 Aspiradora. Por favor, aseg\u00farese de que su modelo sea correcto antes de realizar el pedido.<br \/>\n&#8211; \u3010Cepillo principal de alta calidad\u3011- El Cepillo principal est\u00e1 hecho de ABS de alta calidad y material elastom\u00e9rico, las cerdas consisten en paquetes de nailon resistentes al desgaste sin da\u00f1ar el piso. Usando el dise\u00f1o desmontable, que es conveniente para el mantenimiento diario y puede quitar el pelo alrededor de la cabeza del cepillo f\u00e1cilmente.<br \/>\n&#8211; \u3010Limpieza eficiente\u3011- Cepillo principal en forma de V gira a una alta velocidad de 1.350 rpm y empuja eficazmente el polvo en el hueco de las baldosas y los bordes de la alfombra hacia la caja de polvo, mostr\u00e1ndose con un fuerte poder de limpieza, pueden eliminar f\u00e1cilmente el polvo, la suciedad y las migas de alfombras y suelos.<br \/>\n&#8211; \u3010Reemplazar regularmente\u3011- Puede obtener 2 Cepillo Principal, 1 Herramienta de Limpieza. Piezas de repuesto f\u00e1cil de desmontar y reemplazar durante el mantenimiento de rutina. Se recomienda reemplazar las piezas de repuesto cada 2 a 3 meses dependiendo de la frecuencia de uso para mantener la m\u00e1quina funcionando en su mejor rendimiento.<br \/>\n&#8211; \u3010Compra segura\u3011- La satisfacci\u00f3n del cliente al 100% es nuestra m\u00e1xima prioridad. Si tienes alg\u00fan problema de calidad o insatisfacci\u00f3n con nuestros productos, puedes ponerte en contacto con nosotros en cualquier momento. Te responderemos en 24 horas y te ofreceremos una soluci\u00f3n satisfactoria.<\/p>\n","protected":false},"excerpt":{"rendered":"<p>UPUPDAY Cepillo Principal Recambios para Xiaomi Roborock S5 Max S6 Pure S6 Max S6 MaxV S65 S60 S6 S55 S51 S50 S5, Cepillo Principal de Repuesto para Xiaomi Roborock Aspirador 2pcs<br \/>#Publicidad <span class=\"read-more\"><a class=\"more-link btn btn-transparent\" href=\"https:\/\/rockkofertas.com.es\/index.php\/producto\/b0d47rc4zm\/\">Leer m\u00e1s&#8230;<\/a><\/span><\/p>\n","protected":false},"featured_media":10143,"comment_status":"open","ping_status":"closed","template":"","meta":[],"product_cat":[15],"product_tag":[],"class_list":{"0":"post-10144","1":"product","2":"type-product","3":"status-publish","4":"has-post-thumbnail","6":"product_cat-sin-categorizar","8":"first","9":"instock","10":"shipping-taxable","11":"product-type-external"},"_links":{"self":[{"href":"https:\/\/rockkofertas.com.es\/index.php\/wp-json\/wp\/v2\/product\/10144","targetHints":{"allow":["GET"]}}],"collection":[{"href":"https:\/\/rockkofertas.com.es\/index.php\/wp-json\/wp\/v2\/product"}],"about":[{"href":"https:\/\/rockkofertas.com.es\/index.php\/wp-json\/wp\/v2\/types\/product"}],"replies":[{"embeddable":true,"href":"https:\/\/rockkofertas.com.es\/index.php\/wp-json\/wp\/v2\/comments?post=10144"}],"wp:featuredmedia":[{"embeddable":true,"href":"https:\/\/rockkofertas.com.es\/index.php\/wp-json\/wp\/v2\/media\/10143"}],"wp:attachment":[{"href":"https:\/\/rockkofertas.com.es\/index.php\/wp-json\/wp\/v2\/media?parent=10144"}],"wp:term":[{"taxonomy":"product_cat","embeddable":true,"href":"https:\/\/rockkofertas.com.es\/index.php\/wp-json\/wp\/v2\/product_cat?post=10144"},{"taxonomy":"product_tag","embeddable":true,"href":"https:\/\/rockkofertas.com.es\/index.php\/wp-json\/wp\/v2\/product_tag?post=10144"}],"curies":[{"name":"wp","href":"https:\/\/api.w.org\/{rel}","templated":true}]}}