{"id":10140,"date":"2026-04-01T11:02:34","date_gmt":"2026-04-01T11:02:34","guid":{"rendered":"https:\/\/rockkofertas.com.es\/index.php\/producto\/b0fr98ly2k\/"},"modified":"2026-04-01T11:02:34","modified_gmt":"2026-04-01T11:02:34","slug":"b0fr98ly2k","status":"publish","type":"product","link":"https:\/\/rockkofertas.com.es\/index.php\/producto\/b0fr98ly2k\/","title":{"rendered":"B0FR98LY2K"},"content":{"rendered":"<p>&#8211; \u3010Accesorios Kit\u3011- Recambios compatible con Roborock QV 35A \/ QV 35S. El paquete incluye 1 x Cepillo Principale, 4 x HEPA Filtros, 6 x Bolsas de Polvo, 6 x Mopas, 6 x Cepillo Laterale, 1 x Herramientas de limpieza, 1 x Destornillador.<br \/>\n&#8211; \u3010Extra\u00edble cepillo principal de goma\u3011- El cepillo de goma mejora el efecto de succi\u00f3n, elimina eficazmente la suciedad, reduce enredos y barre el cabello con facilidad. El cepillo de goma maciza proporciona un rendimiento de limpieza uniforme y una larga vida \u00fatil en suelos y alfombras.<br \/>\n&#8211; \u3010Aire completamente filtrado\u3011- El filtro HEPA bloquea el 99.97% del polen, la suciedad, el polvo, la caspa de mascotas y otras part\u00edculas tan peque\u00f1as como 0.3 micras de tama\u00f1o, que crean un entorno de vida c\u00f3modo. Filtro HEPA lavable es reutilizable y dura m\u00e1s.<br \/>\n&#8211; \u3010Mopa de alta calidad\u3011- Pa\u00f1os de fregona est\u00e1n hechas de microfibra de alta calidad, tiene una s\u00faper absorci\u00f3n de agua y propiedades de retenci\u00f3n de agua. Eliminar eficazmente todo tipo de manchas, como manchas de caf\u00e9 seco, huellas de mascotas, jugos, manchas de aceite, etc. La Mopa se puede lavable y reutilizable.<br \/>\n&#8211; \u30103L Bolsa de polvo\u3011- Bolsa hecho de materiales y procesos de alta calidad, equipado con un sistema de filtraci\u00f3n de cuatro capas, puede filtrar eficazmente el 99% de las part\u00edculas de suciedad y polvo. Gran capacidad de 3L, que puede contener m\u00e1s polvo y suciedad y alarga el tiempo para reemplazar la bolsa accesoria de la bolsa de recogida de polvo. Es f\u00e1cil de instalar y desmontar.<br \/>\n&#8211; \u3010Garant\u00eda\u3011- La satisfacci\u00f3n del cliente al 100% es nuestra m\u00e1xima prioridad. Si tienes alg\u00fan problema de calidad o insatisfacci\u00f3n con nuestros productos, puedes ponerte en contacto con nosotros en cualquier momento. Te responderemos en 24 horas y te ofreceremos una soluci\u00f3n satisfactoria.<\/p>\n","protected":false},"excerpt":{"rendered":"<p>UPUPDAY Kit de Accesorios Recambios para Roborock QV 35A \/ QV 35S, 1 Cepillo Principale, 4 Filtros, 6 Bolsas, 6 Mopas, 6 Cepillo Laterale<br \/>#Publicidad <span class=\"read-more\"><a class=\"more-link btn btn-transparent\" href=\"https:\/\/rockkofertas.com.es\/index.php\/producto\/b0fr98ly2k\/\">Leer m\u00e1s&#8230;<\/a><\/span><\/p>\n","protected":false},"featured_media":10139,"comment_status":"open","ping_status":"closed","template":"","meta":[],"product_cat":[15],"product_tag":[],"class_list":{"0":"post-10140","1":"product","2":"type-product","3":"status-publish","4":"has-post-thumbnail","6":"product_cat-sin-categorizar","8":"first","9":"instock","10":"shipping-taxable","11":"product-type-external"},"_links":{"self":[{"href":"https:\/\/rockkofertas.com.es\/index.php\/wp-json\/wp\/v2\/product\/10140","targetHints":{"allow":["GET"]}}],"collection":[{"href":"https:\/\/rockkofertas.com.es\/index.php\/wp-json\/wp\/v2\/product"}],"about":[{"href":"https:\/\/rockkofertas.com.es\/index.php\/wp-json\/wp\/v2\/types\/product"}],"replies":[{"embeddable":true,"href":"https:\/\/rockkofertas.com.es\/index.php\/wp-json\/wp\/v2\/comments?post=10140"}],"wp:featuredmedia":[{"embeddable":true,"href":"https:\/\/rockkofertas.com.es\/index.php\/wp-json\/wp\/v2\/media\/10139"}],"wp:attachment":[{"href":"https:\/\/rockkofertas.com.es\/index.php\/wp-json\/wp\/v2\/media?parent=10140"}],"wp:term":[{"taxonomy":"product_cat","embeddable":true,"href":"https:\/\/rockkofertas.com.es\/index.php\/wp-json\/wp\/v2\/product_cat?post=10140"},{"taxonomy":"product_tag","embeddable":true,"href":"https:\/\/rockkofertas.com.es\/index.php\/wp-json\/wp\/v2\/product_tag?post=10140"}],"curies":[{"name":"wp","href":"https:\/\/api.w.org\/{rel}","templated":true}]}}