{"id":10138,"date":"2026-04-01T11:02:19","date_gmt":"2026-04-01T11:02:19","guid":{"rendered":"https:\/\/rockkofertas.com.es\/index.php\/producto\/b0f18s2w9f\/"},"modified":"2026-04-01T11:02:19","modified_gmt":"2026-04-01T11:02:19","slug":"b0f18s2w9f","status":"publish","type":"product","link":"https:\/\/rockkofertas.com.es\/index.php\/producto\/b0f18s2w9f\/","title":{"rendered":"B0F18S2W9F"},"content":{"rendered":"<p>&#8211; \u3010Modelos compatibles\u3011- Accesorios de Repuesto para Roborock Qrevo S5V \/Qrevo Curv \/Qrevo Curv S5X \/ Qrevo Edge \/Qrevo Edge S5A. Incompatibilidad con otros modelos o marcas. Por favor, confirme su modelo de robot antes de hacer el pedido.<br \/>\n&#8211; \u3010Contenido del embalaje\u3011- El paquete incluye 1 x Cepillo Principal, 4 x Filtro HEPA, 4 x Pa\u00f1o, 4 x Bolsa de Polvo, 4 x Cepillo Laterale, 1 x Herramientas de limpieza, 1 x Destornillador. Los materiales, procesos y cualidades utilizados son comparables a los originales.<br \/>\n&#8211; \u3010Cepillos para Roborock Qrevo Curv\/Edge\u3011- El nuevo cepillo principal y el cepillo lateral se utilizan juntos para disfrutar de la experiencia de limpieza sin cabello enredado. Muy adecuado para familias con cabello largo y mascotas amigables.<br \/>\n&#8211; \u3010Filtrado eficiente 99%\u3011- Filtro HEPA puede filtrar 99% el polen, el polvo y las part\u00edculas diminutas de manera eficaz, que hace que el ambiente del hogar sea m\u00e1s limpio y saludable. Roborock Qrevo Curv bolsa de filtro se compone de bolsa de recogida de polvo est\u00e1 hecho de 2 capas de alta resistencia ultra finas fibras meltblown como capa de filtro y 2 capas de tela no tejida, puede filtrar eficazmente el 99% de las part\u00edculas de suciedad y polvo. 3L gran capacidad captura el polvo, la suciedad y el pelo de animales de hasta 8 semanas.<br \/>\n&#8211; \u3010Mopas lavable y reutilizable\u3011- Mopa pa\u00f1os de limpieza est\u00e1n hechas de microfibra de alta calidad, que es muy absorbente y elimina cualquier suciedad sin esfuerzo sin da\u00f1ar el suelo. Se puede limpiar y reutilizar varias veces.<br \/>\n&#8211; \u3010Garant\u00eda\u3011- Si tiene alguna duda durante la compra o el uso, no dude en ponerse en contacto con nosotros, le ayudaremos a resolverla en 24 horas, 100% satisfecho.<\/p>\n","protected":false},"excerpt":{"rendered":"<p>APZOVO Accesorios Recambios para Roborock Qrevo S5V \/Qrevo Curv\/Qrevo Curv S5X \/ Qrevo Edge\/Qrevo Edge S5A, 1 Cepillo Principal, 4 Filtro HEPA, 4 Pa\u00f1o, 4 Bolsa de Polvo, 4 Cepillo Laterale<br \/>#Publicidad <span class=\"read-more\"><a class=\"more-link btn btn-transparent\" href=\"https:\/\/rockkofertas.com.es\/index.php\/producto\/b0f18s2w9f\/\">Leer m\u00e1s&#8230;<\/a><\/span><\/p>\n","protected":false},"featured_media":10137,"comment_status":"open","ping_status":"closed","template":"","meta":[],"product_cat":[15],"product_tag":[],"class_list":{"0":"post-10138","1":"product","2":"type-product","3":"status-publish","4":"has-post-thumbnail","6":"product_cat-sin-categorizar","8":"first","9":"instock","10":"shipping-taxable","11":"product-type-external"},"_links":{"self":[{"href":"https:\/\/rockkofertas.com.es\/index.php\/wp-json\/wp\/v2\/product\/10138","targetHints":{"allow":["GET"]}}],"collection":[{"href":"https:\/\/rockkofertas.com.es\/index.php\/wp-json\/wp\/v2\/product"}],"about":[{"href":"https:\/\/rockkofertas.com.es\/index.php\/wp-json\/wp\/v2\/types\/product"}],"replies":[{"embeddable":true,"href":"https:\/\/rockkofertas.com.es\/index.php\/wp-json\/wp\/v2\/comments?post=10138"}],"wp:featuredmedia":[{"embeddable":true,"href":"https:\/\/rockkofertas.com.es\/index.php\/wp-json\/wp\/v2\/media\/10137"}],"wp:attachment":[{"href":"https:\/\/rockkofertas.com.es\/index.php\/wp-json\/wp\/v2\/media?parent=10138"}],"wp:term":[{"taxonomy":"product_cat","embeddable":true,"href":"https:\/\/rockkofertas.com.es\/index.php\/wp-json\/wp\/v2\/product_cat?post=10138"},{"taxonomy":"product_tag","embeddable":true,"href":"https:\/\/rockkofertas.com.es\/index.php\/wp-json\/wp\/v2\/product_tag?post=10138"}],"curies":[{"name":"wp","href":"https:\/\/api.w.org\/{rel}","templated":true}]}}