{"id":10128,"date":"2026-03-31T19:06:31","date_gmt":"2026-03-31T19:06:31","guid":{"rendered":"https:\/\/rockkofertas.com.es\/index.php\/producto\/b0dd3zngzw\/"},"modified":"2026-03-31T19:06:31","modified_gmt":"2026-03-31T19:06:31","slug":"b0dd3zngzw","status":"publish","type":"product","link":"https:\/\/rockkofertas.com.es\/index.php\/producto\/b0dd3zngzw\/","title":{"rendered":"B0DD3ZNGZW"},"content":{"rendered":"<p>&#8211; \u3010Alta compatibilidad\u3011- Accesorios compatible con Roborock S7 MaxV Ultra, S7 Pro Ultra Aspiradora. La compatibilidad y durabilidad de los accesorios se prueban rigurosamente. Por favor, aseg\u00farese de que su modelo sea correcto antes de realizar el pedido.<br \/>\n&#8211; \u3010Aire completamente filtrado\u3011- El filtro HEPA bloquea el 99.97% del polen, la suciedad, el polvo, la caspa de mascotas y otras part\u00edculas tan peque\u00f1as como 0.3 micras de tama\u00f1o, que crean un entorno de vida c\u00f3modo. S7 MaxV Ultra bolsa de filtro se compone de bolsa de recogida de polvo est\u00e1 hecho de 2 capas de alta resistencia ultra finas fibras meltblown como capa de filtro y 2 capas de tela no tejida, muy resistente, puede filtrar eficazmente el 99,99% de las part\u00edculas de suciedad y polvo.<br \/>\n&#8211; \u3010Limpieza eficiente\u3011- Proporcionan una acci\u00f3n de limpieza eficaz y pueden eliminar f\u00e1cilmente el polvo, la suciedad y las migas de alfombras y suelos. Los materiales de caucho flexible de todo el cuerpo pueden reducir el ruido y proteger el piso. Desmontable cepillo principal, lavable, f\u00e1cil de limpiar, no es f\u00e1cil enredar el cabello<br \/>\n&#8211; \u3010Pa\u00f1o de alta calidad\u3011- La pa\u00f1o para roborock s7 maxv ultra hecha de microfibra seleccionada. El pa\u00f1os tiene una fuerte potencia de limpieza, pueden ayudar a eliminar las manchas secas de manera efectiva. El Cepillo de autolimpieza adopta un proceso de flocado de alta densidad, hasta 50.000 cerdas para aumentar en gran medida el \u00e1rea de contacto con la fregona, la fregona est\u00e1 poderosamente descontaminada, tasa de limpieza de hasta un 95%.<br \/>\n&#8211; \u3010Compra segura\u3011- Puede obtener 2 Cepillo Principal, 6 Bolsas de Polvo, 4 Filtros, 4 Pa\u00f1os, 1 Cepillo de Autolimpieza, 6 Cepillos Lateral con Tornillos, 1 Herramienta de Limpieza, 1 Destornillador. Si tienes alg\u00fan problema de calidad o insatisfacci\u00f3n con nuestros productos, puedes ponerte en contacto con nosotros en cualquier momento. Te responderemos en 24 horas y te ofreceremos una soluci\u00f3n satisfactoria.<\/p>\n","protected":false},"excerpt":{"rendered":"<p>UPUPDAY Accesorios Recambios para Roborock S7 MaxV Ultra \/ S7 Pro Ultra, 2 Cepillo Principal, 6 Bolsas de Polvo, 4 Filtros, 4 Pa\u00f1os, 1 Cepillo de Autolimpieza, 6 Cepillos Laterales<br \/>#Publicidad <span class=\"read-more\"><a class=\"more-link btn btn-transparent\" href=\"https:\/\/rockkofertas.com.es\/index.php\/producto\/b0dd3zngzw\/\">Leer m\u00e1s&#8230;<\/a><\/span><\/p>\n","protected":false},"featured_media":10127,"comment_status":"open","ping_status":"closed","template":"","meta":[],"product_cat":[15],"product_tag":[],"class_list":{"0":"post-10128","1":"product","2":"type-product","3":"status-publish","4":"has-post-thumbnail","6":"product_cat-sin-categorizar","8":"first","9":"instock","10":"shipping-taxable","11":"product-type-external"},"_links":{"self":[{"href":"https:\/\/rockkofertas.com.es\/index.php\/wp-json\/wp\/v2\/product\/10128","targetHints":{"allow":["GET"]}}],"collection":[{"href":"https:\/\/rockkofertas.com.es\/index.php\/wp-json\/wp\/v2\/product"}],"about":[{"href":"https:\/\/rockkofertas.com.es\/index.php\/wp-json\/wp\/v2\/types\/product"}],"replies":[{"embeddable":true,"href":"https:\/\/rockkofertas.com.es\/index.php\/wp-json\/wp\/v2\/comments?post=10128"}],"wp:featuredmedia":[{"embeddable":true,"href":"https:\/\/rockkofertas.com.es\/index.php\/wp-json\/wp\/v2\/media\/10127"}],"wp:attachment":[{"href":"https:\/\/rockkofertas.com.es\/index.php\/wp-json\/wp\/v2\/media?parent=10128"}],"wp:term":[{"taxonomy":"product_cat","embeddable":true,"href":"https:\/\/rockkofertas.com.es\/index.php\/wp-json\/wp\/v2\/product_cat?post=10128"},{"taxonomy":"product_tag","embeddable":true,"href":"https:\/\/rockkofertas.com.es\/index.php\/wp-json\/wp\/v2\/product_tag?post=10128"}],"curies":[{"name":"wp","href":"https:\/\/api.w.org\/{rel}","templated":true}]}}