{"id":10118,"date":"2026-03-31T00:00:45","date_gmt":"2026-03-31T00:00:45","guid":{"rendered":"https:\/\/rockkofertas.com.es\/index.php\/producto\/b0dt4rfctd\/"},"modified":"2026-03-31T00:00:45","modified_gmt":"2026-03-31T00:00:45","slug":"b0dt4rfctd","status":"publish","type":"product","link":"https:\/\/rockkofertas.com.es\/index.php\/producto\/b0dt4rfctd\/","title":{"rendered":"B0DT4RFCTD"},"content":{"rendered":"<p>&#8211; IC\u00d3NICO Y ATEMPORAL: El sujetador tipo bralette original de Calvin Klein es suave y se ajusta perfectamente a tu silueta. El dise\u00f1o deportivo se completa con la cl\u00e1sica cintura el\u00e1stica de Calvin Klein.<br \/>\n&#8211; AJUSTE PERFECTO: Sujetador tipo bralette con copas con relleno ligero. Las copas suaves permiten que el sujetador se ajuste a tu silueta perfectamente.<br \/>\n&#8211; VERS\u00c1TIL Y PR\u00c1CTICO: Este sujetador tipo bralette destaca por ser superc\u00f3modo. Ideal para hacer deporte, pero tambi\u00e9n para todos los d\u00edas.<br \/>\n&#8211; MATERIAL Y CUIDADO: Sujetador tipo bralette confeccionado con 53 % algod\u00f3n, 35 % modal y 12 % elastano. Se puede lavar a m\u00e1quina.<br \/>\n&#8211; EMOCIONANTE Y CLARO: La marca de moda Calvin Klein, fundada en 1968, es conocida por su singular look y lleva conquistando el mundo de la moda desde entonces. La marca americana apuesta por una est\u00e9tica minimalista.<\/p>\n","protected":false},"excerpt":{"rendered":"<p>Calvin Klein Sujetador Bralette Mujer Lightly Lined con Cintura el\u00e1stica, Gris (Grey Heather), M<br \/>\n#Publicidad <span class=\"read-more\"><a class=\"more-link btn btn-transparent\" href=\"https:\/\/rockkofertas.com.es\/index.php\/producto\/b0dt4rfctd\/\">Leer m\u00e1s&#8230;<\/a><\/span><\/p>\n","protected":false},"featured_media":10117,"comment_status":"open","ping_status":"closed","template":"","meta":[],"product_cat":[15],"product_tag":[],"class_list":{"0":"post-10118","1":"product","2":"type-product","3":"status-publish","4":"has-post-thumbnail","6":"product_cat-sin-categorizar","8":"first","9":"instock","10":"shipping-taxable","11":"product-type-external"},"_links":{"self":[{"href":"https:\/\/rockkofertas.com.es\/index.php\/wp-json\/wp\/v2\/product\/10118","targetHints":{"allow":["GET"]}}],"collection":[{"href":"https:\/\/rockkofertas.com.es\/index.php\/wp-json\/wp\/v2\/product"}],"about":[{"href":"https:\/\/rockkofertas.com.es\/index.php\/wp-json\/wp\/v2\/types\/product"}],"replies":[{"embeddable":true,"href":"https:\/\/rockkofertas.com.es\/index.php\/wp-json\/wp\/v2\/comments?post=10118"}],"wp:featuredmedia":[{"embeddable":true,"href":"https:\/\/rockkofertas.com.es\/index.php\/wp-json\/wp\/v2\/media\/10117"}],"wp:attachment":[{"href":"https:\/\/rockkofertas.com.es\/index.php\/wp-json\/wp\/v2\/media?parent=10118"}],"wp:term":[{"taxonomy":"product_cat","embeddable":true,"href":"https:\/\/rockkofertas.com.es\/index.php\/wp-json\/wp\/v2\/product_cat?post=10118"},{"taxonomy":"product_tag","embeddable":true,"href":"https:\/\/rockkofertas.com.es\/index.php\/wp-json\/wp\/v2\/product_tag?post=10118"}],"curies":[{"name":"wp","href":"https:\/\/api.w.org\/{rel}","templated":true}]}}