{"id":10098,"date":"2026-03-29T16:21:26","date_gmt":"2026-03-29T16:21:26","guid":{"rendered":"https:\/\/rockkofertas.com.es\/index.php\/producto\/b0fxm2kyfk\/"},"modified":"2026-03-29T16:21:26","modified_gmt":"2026-03-29T16:21:26","slug":"b0fxm2kyfk","status":"publish","type":"product","link":"https:\/\/rockkofertas.com.es\/index.php\/producto\/b0fxm2kyfk\/","title":{"rendered":"B0FXM2KYFK"},"content":{"rendered":"<p>&#8211; \ud83d\udd79\ufe0f Funda para mando PS5: mejor agarre y precisi\u00f3n. Juega con comodidad en tu PS5 gracias a la superficie antideslizante de la funda para mando compatible con la Play 5. El pack incluye 1 funda para mando, 1 sticker para el panel t\u00e1ctico y 2 grips.<br \/>\n&#8211; \ud83d\udee1\ufe0f Protecci\u00f3n total para tu mando PS 5: Mant\u00e9n tu mando Play a salvo de golpes, ara\u00f1azos y polvo con nuestra funda silicona mando PS 5, hecha de material resistente y duradero para prolongar la vida \u00fatil de tu mando y conservarlo como nuevo mientras juegas a tus t\u00edtulos favoritos.<br \/>\n&#8211; \ud83d\udd04 F\u00e1cil de poner y quitar: La funda silicona PS 5 se coloca y retira en segundos, permiti\u00e9ndote limpiar y mantener tu mando Play sin complicaciones. Gracias a su dise\u00f1o flexible, se adapta perfectamente a la carcasa mando PS 5 sin perder su forma ni afectar el uso.<br \/>\n&#8211; \ud83c\udfae Acceso completo a los controles del joystick: Disfruta de todas las funciones de tu mando PS 5 con nuestra funda mando PS 5, que deja libres botones, gatillos y puertos. Juega con precisi\u00f3n en la Play 5 sin restricciones gracias al dise\u00f1o inteligente que respeta cada detalle del mando.<br \/>\n&#8211; \ud83d\udee0\ufe0f Compatibilidad perfecta con mando original PS5: Esta funda de silicona est\u00e1 dise\u00f1ada a medida para adaptarse a la forma del mando Play 5, conservando toda su comodidad y funcionalidad. Pensada para brindar un ajuste seguro y estable.<br \/>\n&#8211; \ud83d\udcaa Dise\u00f1o duradero y resistente: La funda mando PS 5 est\u00e1 fabricada con silicona de alta calidad para garantizar resistencia y protecci\u00f3n prolongada, convirti\u00e9ndose en un accesorio esencial para la Play. Mant\u00e9n tu mando intacto, incluso durante las partidas m\u00e1s intensas.<br \/>\n&#8211; \u26a1 Mejora tu experiencia de juego: La funda mando PS 5 mejora el agarre y la comodidad, haciendo que cada partida sea m\u00e1s agradable y precisa. Gracias a su dise\u00f1o ergon\u00f3mico, disfrutar\u00e1s de un control perfecto sin comprometer el rendimiento de tu mando Play en cualquier juego.<\/p>\n","protected":false},"excerpt":{"rendered":"<p>UTMOSTXP Funda Compatible con Mando PS 5, Silicona Suave y c\u00f3moda Que Mejora el Agarre, Accesorios para Play 5, Accesorio Compatible con Mando Original Play 5 (Wukong Shadow)<br \/>#Publicidad <span class=\"read-more\"><a class=\"more-link btn btn-transparent\" href=\"https:\/\/rockkofertas.com.es\/index.php\/producto\/b0fxm2kyfk\/\">Leer m\u00e1s&#8230;<\/a><\/span><\/p>\n","protected":false},"featured_media":10097,"comment_status":"open","ping_status":"closed","template":"","meta":[],"product_cat":[15],"product_tag":[],"class_list":{"0":"post-10098","1":"product","2":"type-product","3":"status-publish","4":"has-post-thumbnail","6":"product_cat-sin-categorizar","8":"first","9":"instock","10":"shipping-taxable","11":"product-type-external"},"_links":{"self":[{"href":"https:\/\/rockkofertas.com.es\/index.php\/wp-json\/wp\/v2\/product\/10098","targetHints":{"allow":["GET"]}}],"collection":[{"href":"https:\/\/rockkofertas.com.es\/index.php\/wp-json\/wp\/v2\/product"}],"about":[{"href":"https:\/\/rockkofertas.com.es\/index.php\/wp-json\/wp\/v2\/types\/product"}],"replies":[{"embeddable":true,"href":"https:\/\/rockkofertas.com.es\/index.php\/wp-json\/wp\/v2\/comments?post=10098"}],"wp:featuredmedia":[{"embeddable":true,"href":"https:\/\/rockkofertas.com.es\/index.php\/wp-json\/wp\/v2\/media\/10097"}],"wp:attachment":[{"href":"https:\/\/rockkofertas.com.es\/index.php\/wp-json\/wp\/v2\/media?parent=10098"}],"wp:term":[{"taxonomy":"product_cat","embeddable":true,"href":"https:\/\/rockkofertas.com.es\/index.php\/wp-json\/wp\/v2\/product_cat?post=10098"},{"taxonomy":"product_tag","embeddable":true,"href":"https:\/\/rockkofertas.com.es\/index.php\/wp-json\/wp\/v2\/product_tag?post=10098"}],"curies":[{"name":"wp","href":"https:\/\/api.w.org\/{rel}","templated":true}]}}