{"id":10076,"date":"2026-03-29T08:00:46","date_gmt":"2026-03-29T08:00:46","guid":{"rendered":"https:\/\/rockkofertas.com.es\/index.php\/producto\/b0dbvk56zx-2\/"},"modified":"2026-03-29T08:00:46","modified_gmt":"2026-03-29T08:00:46","slug":"b0dbvk56zx-2","status":"publish","type":"product","link":"https:\/\/rockkofertas.com.es\/index.php\/producto\/b0dbvk56zx-2\/","title":{"rendered":"B0DBVK56ZX"},"content":{"rendered":"<p>&#8211; ALTA CALIDAD:Disfraz inflable de extraterrestre para adultos est\u00e1n hechas de tela de poli\u00e9ster impermeable recubierta de PU de alta densidad, que es liviana y f\u00e1cil de mover y limpiar. La tela es densa, duradera y a prueba de fugas.(Nota: Este producto no incluye pilas; debe comprarlas por separado.)<br \/>\n&#8211; LISTA DE EMBALAJE:Recibir\u00e1s 1 disfraz inflable. Los accesorios incluyen ventilador + manual + caja de pilas (pilas no incluidas) + gorro. Puede usar el motor alimentado por 4 bater\u00edas AA para inflar, o puede usar un banco de energ\u00eda para seleccionar el modo de suministro de energ\u00eda.<br \/>\n&#8211; R\u00c1PIDO DE USAR:Encienda el ventilador despu\u00e9s de su uso y la configuraci\u00f3n de inflado de la ropa se podr\u00e1 completar en 60 segundos. Coloque la bater\u00eda en el bolsillo incluido, ajuste la direcci\u00f3n del ventilador y apriete las correas para un rendimiento de inflado \u00f3ptimo.<br \/>\n&#8211; C\u00d3MODO DE LLEVAR:Las Disfraz Halloween y Carnaval te dan suficiente espacio para respirar y ventilar, por lo que no tienes que preocuparte por sudar mientras las usas. La ropa inflable es c\u00f3moda de usar y no restringe su movimiento.<br \/>\n&#8211; AMPLIAMENTE UTILIZADO:Este Disfraz inflable de extraterrestre es adecuado para diversas fiestas, como fiestas de A\u00f1o Nuevo, cumplea\u00f1os, bodas, Halloween, d\u00edas festivos, cosplay, zool\u00f3gicos, actividades al aire libre, etc.<\/p>\n","protected":false},"excerpt":{"rendered":"<p>AYBUY Disfraz inflable de alien\u00edgena, disfraz inflable verde, c\u00f3modo de llevar, disfraz inflable para adultos con sistema de inflaci\u00f3n, carnaval, Halloween, verde, cosplay para fiestas, 160-190 cm<br \/>\n#Publicidad <span class=\"read-more\"><a class=\"more-link btn btn-transparent\" href=\"https:\/\/rockkofertas.com.es\/index.php\/producto\/b0dbvk56zx-2\/\">Leer m\u00e1s&#8230;<\/a><\/span><\/p>\n","protected":false},"featured_media":10075,"comment_status":"open","ping_status":"closed","template":"","meta":[],"product_cat":[15],"product_tag":[],"class_list":{"0":"post-10076","1":"product","2":"type-product","3":"status-publish","4":"has-post-thumbnail","6":"product_cat-sin-categorizar","8":"first","9":"instock","10":"shipping-taxable","11":"product-type-external"},"_links":{"self":[{"href":"https:\/\/rockkofertas.com.es\/index.php\/wp-json\/wp\/v2\/product\/10076","targetHints":{"allow":["GET"]}}],"collection":[{"href":"https:\/\/rockkofertas.com.es\/index.php\/wp-json\/wp\/v2\/product"}],"about":[{"href":"https:\/\/rockkofertas.com.es\/index.php\/wp-json\/wp\/v2\/types\/product"}],"replies":[{"embeddable":true,"href":"https:\/\/rockkofertas.com.es\/index.php\/wp-json\/wp\/v2\/comments?post=10076"}],"wp:featuredmedia":[{"embeddable":true,"href":"https:\/\/rockkofertas.com.es\/index.php\/wp-json\/wp\/v2\/media\/10075"}],"wp:attachment":[{"href":"https:\/\/rockkofertas.com.es\/index.php\/wp-json\/wp\/v2\/media?parent=10076"}],"wp:term":[{"taxonomy":"product_cat","embeddable":true,"href":"https:\/\/rockkofertas.com.es\/index.php\/wp-json\/wp\/v2\/product_cat?post=10076"},{"taxonomy":"product_tag","embeddable":true,"href":"https:\/\/rockkofertas.com.es\/index.php\/wp-json\/wp\/v2\/product_tag?post=10076"}],"curies":[{"name":"wp","href":"https:\/\/api.w.org\/{rel}","templated":true}]}}